{"id":54,"date":"2025-02-26T15:19:36","date_gmt":"2025-02-26T15:19:36","guid":{"rendered":"https:\/\/narring.tandem.ws\/?page_id=54"},"modified":"2025-03-03T13:04:27","modified_gmt":"2025-03-03T13:04:27","slug":"home","status":"publish","type":"page","link":"https:\/\/narring.com\/es\/","title":{"rendered":"Home"},"content":{"rendered":"<div class=\"gb-element-59e8442a\">\n<div class=\"gb-element-79cbebdf\"><\/div>\n\n\n\n<div class=\"gb-element-cc9de165\">\n<h4 class=\"gb-text gb-text-ac1ba9f2\">Most recent<\/h4>\n<\/div>\n\n\n\n<div><div class=\"gb-looper-60b10d34\">\n<div class=\"gb-loop-item gb-loop-item-6e422bde post_card post-39 post type-post status-publish format-standard has-post-thumbnail hentry category-history category-uncategorized\">\n<a class=\"gb-element-4a591315\" href=\"https:\/\/narring.com\/es\/our-daily-bread\/\">\n<div class=\"img_border_radius gb-element-3995a1a5 halftone\" style=\"--inline-bg-image: url(https:\/\/narring.com\/wp-content\/uploads\/2025\/02\/WhatsApp-Image-2025-02-26-at-17.10.12.jpeg)\"><\/div>\n\n\n\n<div class=\"gb-element-03263066\">\n<div class=\"gb-element-f599ef37\">\n<p class=\"gb-text gb-text-0b877769\">26 de febrero de 2025<\/p>\n\n\n\n<p class=\"gb-text gb-text-24da7448\"><span>History<\/span>\/<span>Uncategorized<\/span><\/p>\n<\/div>\n\n\n\n<h2 class=\"gb-text gb-text-3482f39d title_resume\"> El pan nuestro de cada d\u00eda<\/h2>\n\n\n\n<div class=\"gb-text featured_resume\"><p>Empec\u00e9 a guardar estos bread clips en enero de 2022. En aquel momento me sirvieron para sujetar algunos cables en el piso de Neuk\u00f6lln. En aquel piso hab\u00eda mucho para sujetar y recoger. Nuestra amiga Marlene nos lo dej\u00f3 para que tuvi\u00e9semos tiempo de buscar un piso en el que quedarnos definitivamente. Era un piso a medias, con muebles de \u00e9poca y decoraci\u00f3n de estudio fotogr\u00e1fico. Y algunas cosas un tanto precarias, necesitadas de atenci\u00f3n. Mientras vivimos en \u00e9l, repar\u00e9 lo que pude en agradecimiento a Marlene y como muestra de buena voluntad con el nuevo tiempo que comenz\u00e1bamos. De hecho, antes de irme sustitu\u00ed los clips con bridas, medio para dejarlo todo m\u00e1s decente, medio para quedarme con los clips.<\/p>\n<p>No s\u00e9 exactamente qu\u00e9 me impuls\u00f3 a seguir guard\u00e1ndolos cuando nos mudamos al segundo piso \u2014hubo un tercero. All\u00ed todo estaba en perfectas condiciones. Mi esposa se re\u00eda de m\u00ed mientras recordaba ostras excentricidades m\u00edas. Primero los guard\u00e9 en un bote de chicles pero ya en el piso siguiente, segu\u00edamos comprando pan y yo continuaba guardando los clips. \u00bfPara qu\u00e9? No lo s\u00e9. Todav\u00eda hoy me lo pregunto, pero ah\u00ed est\u00e1n, tres a\u00f1os. Seguro que hay una respuesta.<\/p>\n<p>Empiezo a olvidar los comercios en los que compr\u00e1bamos, las tiendas de barrio y los supermercados. En Graz continu\u00e9 guard\u00e1ndolos hasta el pasado mes de enero. Tres a\u00f1os es suficiente, en alg\u00fan momento hay que parar para darle sentido a la acci\u00f3n, al objeto. Son tres a\u00f1os de lugares, viajes, personas, reuniones, comidas y fiestas. Hemos compartido el pan todo este tiempo con amigos y familiares. Cuando era peque\u00f1o hac\u00eda cosas parecidas. Guardaba todo tipo de cachivaches, atra\u00eddo por la forma unas veces, otras por el color o por la rareza, pero es una conexi\u00f3n demasiado f\u00e1cil.<\/p>\n<\/div>\n\n\n\n<p class=\"gb-text gb-text-3a670874\">Continue<\/p>\n<\/div>\n<\/a>\n<\/div>\n<\/div><\/div>\n<\/div>\n\n\n\n<div class=\"gb-element-d18d1286\">\n<div><div class=\"gb-looper-bc94844a\">\n<div class=\"gb-loop-item gb-loop-item-8bf378c1 post-80 post type-post status-publish format-standard has-post-thumbnail hentry\">\n<a class=\"gb-element-5fe33f80\" href=\"https:\/\/narring.com\/es\/posuere-ligula-congue\/\">\n<div class=\"img_border_radius gb-element-f50b776b halftone\" style=\"--inline-bg-image: url(https:\/\/narring.com\/wp-content\/uploads\/2025\/02\/WhatsApp-Image-2025-02-26-at-16.58.12.jpeg)\"><\/div>\n\n\n\n<div class=\"gb-element-df90335e\">\n<div class=\"gb-element-8f5bac98\">\n<p class=\"gb-text gb-text-1a384e77\">7 de febrero de 2025<\/p>\n\n\n<\/div>\n\n\n\n<h2 class=\"gb-text gb-text-da9fee99 title_resume\">Historia del arte, el arte de la historia<\/h2>\n\n\n\n<div class=\"gb-text featured_resume\"><p>El primer diario que encontr\u00e9 en Berl\u00edn perteneci\u00f3 a Gudrun L. una ni\u00f1a (o una chica) de Sch\u00f6neberg que escrib\u00eda casi cada d\u00eda. Empieza en 1939 y acaba en 1944. Me costaba mucho entender su contenido porque estaba escrito en una S\u00fctterlin de trazos muy geom\u00e9tricos (la S\u00fctterlin es una caligraf\u00eda que se dej\u00f3 de utilizar despu\u00e9s de la guerra). Gudrun describe su vida con anotaciones que parec\u00edan destinadas a marcar el d\u00eda, a situarlo con precisi\u00f3n, como quien deja una se\u00f1al para no perderlo. De vez en cuando intercala hechos anodinos (la comida, la cantidad de carb\u00f3n que han quemado, los deberes que le han mandado hacer), que solo al final del diario \u2014por acumulaci\u00f3n y leyendo entre l\u00edneas\u2014 adquieren sentido.<\/p>\n<p>No lo quiere escribir, no lo hace nunca expl\u00edcito, quiz\u00e1s porque reconocerlo le\u00e9rselo de un mismo ser\u00eda demasiado duro, pero tiene miedo. La guerra avanza y la propaganda, a veces, no puede esconder los nervios de los grandes, los rumores o la intuici\u00f3n de una ni\u00f1a que ya no lo es tanto. Desconozco si Gudrun dej\u00f3 otros diarios. Es posible que sea lo \u00fanico que se conserva de ella. (Gudrun, tengo tu diario. Lo guardar\u00e9 mientras pueda).<\/p>\n<p>Lo \u00fanico que he encontrado sobre ella es que particip\u00f3 en algunas obras de teatro amateur en Berl\u00edn Oriental y que despu\u00e9s trabaj\u00f3 de maestra. El diario de Gudrun estaba en una caja llena de libros viejos, parec\u00eda que alguien hab\u00eda vaciado una biblioteca escolar. Estaba entre los ejemplares que ya no se pondr\u00edan a la venta, los que los chatarreros no han conseguido vender a los anticuarios, a punto de ser vendidos a peso para el reciclaje.<\/p>\n<p>Una buena amiga describe la supervivencia de materiales y obras a partir de esta escala: empresas de vaciados de pisos, tiendas de anticuarios y museos. Me gusta cuando, adem\u00e1s, cierra el c\u00edrculo y dice que los fondos de los museos tambi\u00e9n se acabar\u00e1n vendiendo, que hay demasiados museos, que guardamos demasiadas cosas y que el buen mantenimiento de estas colecciones es inasumible. Dice que llegar\u00e1 el d\u00eda que muchas piezas que volver\u00e1n a manos de anticuarios, que por puro exceso llegar\u00e1n a los traperos y que de aqu\u00ed al contenedor del reciclaje solo hay un paso. Es la verdadera historia del arte, dice.<\/p>\n<\/div>\n\n\n\n<p class=\"gb-text gb-text-9ea58a37\">Continue<\/p>\n<\/div>\n<\/a>\n<\/div>\n\n<div class=\"gb-loop-item gb-loop-item-8bf378c1 post-87 post type-post status-publish format-standard has-post-thumbnail hentry category-daily category-costume\">\n<a class=\"gb-element-5fe33f80\" href=\"https:\/\/narring.com\/es\/dictum-curae-nisi-ornare-nostra-quisque-ex-porta-interdum-gravida\/\">\n<div class=\"img_border_radius gb-element-f50b776b halftone\" style=\"--inline-bg-image: url(https:\/\/narring.com\/wp-content\/uploads\/2025\/02\/WhatsApp-Image-2025-02-26-at-16.58.12-1.jpeg)\"><\/div>\n\n\n\n<div class=\"gb-element-df90335e\">\n<div class=\"gb-element-8f5bac98\">\n<p class=\"gb-text gb-text-1a384e77\">28 de enero de 2025<\/p>\n\n\n\n<p class=\"gb-text gb-text-690ca75f\"><span>Daily<\/span>\/<span>Kitchen Sink Drama<\/span><\/p>\n<\/div>\n\n\n\n\n\n\n\n<p class=\"gb-text gb-text-9ea58a37\">Continue<\/p>\n<\/div>\n<\/a>\n<\/div>\n<\/div><\/div>\n<\/div>","protected":false},"excerpt":{"rendered":"<p>Most recent<\/p>","protected":false},"author":1,"featured_media":0,"parent":0,"menu_order":0,"comment_status":"closed","ping_status":"closed","template":"","meta":{"_acf_changed":false,"footnotes":""},"class_list":["post-54","page","type-page","status-publish"],"acf":[],"_links":{"self":[{"href":"https:\/\/narring.com\/es\/wp-json\/wp\/v2\/pages\/54","targetHints":{"allow":["GET"]}}],"collection":[{"href":"https:\/\/narring.com\/es\/wp-json\/wp\/v2\/pages"}],"about":[{"href":"https:\/\/narring.com\/es\/wp-json\/wp\/v2\/types\/page"}],"author":[{"embeddable":true,"href":"https:\/\/narring.com\/es\/wp-json\/wp\/v2\/users\/1"}],"replies":[{"embeddable":true,"href":"https:\/\/narring.com\/es\/wp-json\/wp\/v2\/comments?post=54"}],"version-history":[{"count":100,"href":"https:\/\/narring.com\/es\/wp-json\/wp\/v2\/pages\/54\/revisions"}],"predecessor-version":[{"id":581,"href":"https:\/\/narring.com\/es\/wp-json\/wp\/v2\/pages\/54\/revisions\/581"}],"wp:attachment":[{"href":"https:\/\/narring.com\/es\/wp-json\/wp\/v2\/media?parent=54"}],"curies":[{"name":"wp","href":"https:\/\/api.w.org\/{rel}","templated":true}]}}