{"id":515,"date":"2025-02-28T12:21:54","date_gmt":"2025-02-28T12:21:54","guid":{"rendered":"https:\/\/narring.tandem.ws\/?page_id=515"},"modified":"2025-03-03T12:22:27","modified_gmt":"2025-03-03T12:22:27","slug":"about-the-blog","status":"publish","type":"page","link":"https:\/\/narring.com\/es\/about-the-blog\/","title":{"rendered":"About the blog"},"content":{"rendered":"<div class=\"gb-element-34253271\">\n<div class=\"gb-element-0294415e sticky-container\"><\/div>\n\n\n\n<div class=\"gb-element-d57cc95c\">\n<h2 class=\"gb-text\">Sobre el blog<\/h2>\n\n\n\n<p class=\"gb-text\">El primer diario que encontr\u00e9 en Berl\u00edn perteneci\u00f3 a Gudrun L. una chica que escrib\u00eda unas pocas l\u00edneas cada d\u00eda. Empieza en 1939 y acaba en 1944. Apenas lo pod\u00eda leer porque estaba escrito en una caligraf\u00eda que se dej\u00f3 de utilizar despu\u00e9s de la guerra. Describ\u00eda su vida con anotaciones que parec\u00edan destinadas a anclar el d\u00eda, con la precisi\u00f3n que requiere dejar una se\u00f1al para no perderlo. De vez en cuando describe hechos anodinos (qu\u00e9 ha comido, la cantidad de carb\u00f3n que han utilizado, los deberes que le han puesto en el colegio), que solo al final del diario adquieren sentido, por acumulaci\u00f3n y leyendo entre l\u00edneas. No quiere escribirlo, quiz\u00e1s porque reconocerlo ser\u00eda ir demasiado lejos, pero tiene miedo.\r\n\r\nLo \u00fanico que he encontrado sobre ella es que particip\u00f3 en algunas obras de teatro amateur en Berl\u00edn Oriental y que despu\u00e9s trabaj\u00f3 de maestra. El diario de Gudrun estaba en una caja llena de libros viejos, parec\u00eda que alguien hab\u00eda vaciado una biblioteca escolar. Formaban parte de los descartes que los chatarreros no han conseguido vender a los anticuarios, a punto de ser vendidos a peso, para reciclar. Una buena amiga describe la supervivencia de materiales y obras a partir de esta escala: empresas de vaciados de pisos, tiendas de anticuarios y museos. Me gusta cuando, adem\u00e1s, cierra el c\u00edrculo diciendo que los fondos de los museos tambi\u00e9n se acabar\u00e1n vendiendo, que guardamos demasiadas cosas y que un buen mantenimiento empieza a ser inasumible. Alg\u00fan d\u00eda muchos piezas volver\u00e1n a manos de anticuarios, el exceso har\u00e1 que les lleguen a los chatarreros y de ah\u00ed al contenedor, solo hay un paso. Es la verdadera historia del arte, dice.\r\n\r\nDesconozco si Gudrun L. dej\u00f3 otros diarios. Pudiera bien ser que fuese lo \u00fanico que se conserva de ella. \r\n<\/p>\n<\/div>\n\n\n\n<div class=\"gb-element-d634cc20\"><\/div>\n<\/div>","protected":false},"excerpt":{"rendered":"<p>Sobre el blog El primer diario que encontr\u00e9 en Berl\u00edn perteneci\u00f3 a Gudrun L. una chica que escrib\u00eda unas pocas l\u00edneas cada d\u00eda. Empieza en 1939 y acaba en 1944. Apenas lo pod\u00eda leer porque estaba escrito en una caligraf\u00eda que se dej\u00f3 de utilizar despu\u00e9s de la guerra. Describ\u00eda su vida con anotaciones que &#8230; <a title=\"About the blog\" class=\"read-more\" href=\"https:\/\/narring.com\/es\/about-the-blog\/\" aria-label=\"Leer m\u00e1s sobre About the blog\">Leer m\u00e1s<\/a><\/p>","protected":false},"author":1,"featured_media":0,"parent":0,"menu_order":0,"comment_status":"closed","ping_status":"closed","template":"","meta":{"_acf_changed":false,"footnotes":""},"class_list":["post-515","page","type-page","status-publish"],"acf":[],"_links":{"self":[{"href":"https:\/\/narring.com\/es\/wp-json\/wp\/v2\/pages\/515","targetHints":{"allow":["GET"]}}],"collection":[{"href":"https:\/\/narring.com\/es\/wp-json\/wp\/v2\/pages"}],"about":[{"href":"https:\/\/narring.com\/es\/wp-json\/wp\/v2\/types\/page"}],"author":[{"embeddable":true,"href":"https:\/\/narring.com\/es\/wp-json\/wp\/v2\/users\/1"}],"replies":[{"embeddable":true,"href":"https:\/\/narring.com\/es\/wp-json\/wp\/v2\/comments?post=515"}],"version-history":[{"count":3,"href":"https:\/\/narring.com\/es\/wp-json\/wp\/v2\/pages\/515\/revisions"}],"predecessor-version":[{"id":555,"href":"https:\/\/narring.com\/es\/wp-json\/wp\/v2\/pages\/515\/revisions\/555"}],"wp:attachment":[{"href":"https:\/\/narring.com\/es\/wp-json\/wp\/v2\/media?parent=515"}],"curies":[{"name":"wp","href":"https:\/\/api.w.org\/{rel}","templated":true}]}}