{"id":515,"date":"2025-02-28T12:21:54","date_gmt":"2025-02-28T12:21:54","guid":{"rendered":"https:\/\/narring.tandem.ws\/?page_id=515"},"modified":"2025-03-03T12:22:27","modified_gmt":"2025-03-03T12:22:27","slug":"about-the-blog","status":"publish","type":"page","link":"https:\/\/narring.com\/de\/about-the-blog\/","title":{"rendered":"About the blog"},"content":{"rendered":"<div class=\"gb-element-34253271\">\n<div class=\"gb-element-0294415e sticky-container\"><\/div>\n\n\n\n<div class=\"gb-element-d57cc95c\">\n<h2 class=\"gb-text\">\u00dcber den Blog<\/h2>\n\n\n\n<p class=\"gb-text\">Das erste Tagebuch, das ich in Berlin fand, geh\u00f6rte Gudrun L., einem M\u00e4dchen, das jeden Tag ein paar Zeilen schrieb. Es beginnt im Jahr 1939 und endet im Jahr 1944. Ich konnte es kaum lesen, denn es war in einer Handschrift geschrieben, die nach dem Krieg nicht mehr verwendet wurde. Sie beschrieb ihr Leben mit Anmerkungen, die den Tag genau festzuhalten schienen, mit der Pr\u00e4zision, die man braucht, um eine Spur zu hinterlassen, um sie nicht zu verlieren. Von Zeit zu Zeit beschreibt sie n\u00fcchterne Fakten (was sie gegessen hat, wie viel Kohle sie verbrannt haben, welche Hausaufgaben sie in der Schule bekommen hat), die erst am Ende des Tagebuchs einen Sinn ergeben, wenn man sie akkumuliert und zwischen den Zeilen liest. Sie will es nicht aufschreiben, vielleicht weil es zu weit ginge, aber sie hat Angst.\r\n\r\nDas Einzige, was ich \u00fcber sie herausgefunden habe, ist, dass sie in Ost-Berlin an einigen Laienspielen mitwirkte und sp\u00e4ter als Lehrerin arbeitete. Gudruns Tagebuch lag in einer Kiste voller alter B\u00fccher, die aussahen, als h\u00e4tte jemand eine Schulbibliothek ausger\u00e4umt. Sie geh\u00f6rten zu dem Ausschuss, den die Schrotth\u00e4ndler nicht an die Antiquit\u00e4tenh\u00e4ndler verkaufen konnten und der nach Gewicht verkauft werden sollte, um recycelt zu werden. Eine gute Freundin von mir beschreibt das \u00dcberleben der Materialien und arbeitet an dieser Progression: Wohnungsentleerungsfirmen, Antiquit\u00e4tengesch\u00e4fte und Museen. Ich mag es, wenn sie den Kreislauf schlie\u00dft, indem sie sagt, dass auch Museumssammlungen am Ende verkauft werden, dass wir zu viele Dinge lagern und dass eine gute Konservierung langsam unbezahlbar wird. Eines Tages werden viele Museumsst\u00fccke in den Schuppen von Antiquit\u00e4tenh\u00e4ndlern zur\u00fcckkehren, der \u00dcberbestand wird an Schrotth\u00e4ndler gehen und dann ist der M\u00fcllcontainer ganz nah. Das ist die wahre Geschichte der Kunst, sagt sie.\r\n\r\nIch wei\u00df nicht, ob Gudrun L. weitere Tageb\u00fccher hinterlassen hat. Es k\u00f6nnte gut sein, dass dies die einzigen Dinge sind, die von ihr geblieben sind. \r\n<\/p>\n<\/div>\n\n\n\n<div class=\"gb-element-d634cc20\"><\/div>\n<\/div>","protected":false},"excerpt":{"rendered":"<p>\u00dcber den Blog Das erste Tagebuch, das ich in Berlin fand, geh\u00f6rte Gudrun L., einem M\u00e4dchen, das jeden Tag ein paar Zeilen schrieb. Es beginnt im Jahr 1939 und endet im Jahr 1944. Ich konnte es kaum lesen, denn es war in einer Handschrift geschrieben, die nach dem Krieg nicht mehr verwendet wurde. Sie beschrieb &#8230; <a title=\"About the blog\" class=\"read-more\" href=\"https:\/\/narring.com\/de\/about-the-blog\/\" aria-label=\"Mehr Informationen \u00fcber About the blog\">Weiterlesen &#8230;<\/a><\/p>","protected":false},"author":1,"featured_media":0,"parent":0,"menu_order":0,"comment_status":"closed","ping_status":"closed","template":"","meta":{"_acf_changed":false,"footnotes":""},"class_list":["post-515","page","type-page","status-publish"],"acf":[],"_links":{"self":[{"href":"https:\/\/narring.com\/de\/wp-json\/wp\/v2\/pages\/515","targetHints":{"allow":["GET"]}}],"collection":[{"href":"https:\/\/narring.com\/de\/wp-json\/wp\/v2\/pages"}],"about":[{"href":"https:\/\/narring.com\/de\/wp-json\/wp\/v2\/types\/page"}],"author":[{"embeddable":true,"href":"https:\/\/narring.com\/de\/wp-json\/wp\/v2\/users\/1"}],"replies":[{"embeddable":true,"href":"https:\/\/narring.com\/de\/wp-json\/wp\/v2\/comments?post=515"}],"version-history":[{"count":3,"href":"https:\/\/narring.com\/de\/wp-json\/wp\/v2\/pages\/515\/revisions"}],"predecessor-version":[{"id":555,"href":"https:\/\/narring.com\/de\/wp-json\/wp\/v2\/pages\/515\/revisions\/555"}],"wp:attachment":[{"href":"https:\/\/narring.com\/de\/wp-json\/wp\/v2\/media?parent=515"}],"curies":[{"name":"wp","href":"https:\/\/api.w.org\/{rel}","templated":true}]}}