{"id":157,"date":"2025-02-27T05:30:21","date_gmt":"2025-02-27T05:30:21","guid":{"rendered":"https:\/\/narring.tandem.ws\/?page_id=157"},"modified":"2025-03-03T12:59:58","modified_gmt":"2025-03-03T12:59:58","slug":"articles","status":"publish","type":"page","link":"https:\/\/narring.com\/de\/articles\/","title":{"rendered":"Articles"},"content":{"rendered":"<div class=\"gb-element-d18d1286\">\n<div class=\"gb-element-d3547a83\">\n<div class=\"gb-element-55a07f7b\"><nav class=\"has-text-color has-accent-color is-responsive post_category_menu wp-block-navigation is-layout-flex wp-block-navigation-is-layout-flex\" aria-label=\"category menu\" \n\t\t data-wp-interactive=\"core\/navigation\" data-wp-context='{\"overlayOpenedBy\":{\"click\":false,\"hover\":false,\"focus\":false},\"type\":\"overlay\",\"roleAttribute\":\"\",\"ariaLabel\":\"Men\\u00fc\"}'><button aria-haspopup=\"dialog\" aria-label=\"Men\u00fc \u00f6ffnen\" class=\"wp-block-navigation__responsive-container-open\" \n\t\t\t\tdata-wp-on--click=\"actions.openMenuOnClick\"\n\t\t\t\tdata-wp-on--keydown=\"actions.handleMenuKeydown\"\n\t\t\t><svg width=\"24\" height=\"24\" xmlns=\"http:\/\/www.w3.org\/2000\/svg\" viewbox=\"0 0 24 24\" aria-hidden=\"true\" focusable=\"false\"><path d=\"M4 7.5h16v1.5H4z\"><\/path><path d=\"M4 15h16v1.5H4z\"><\/path><\/svg><\/button>\n\t\t\t\t<div class=\"wp-block-navigation__responsive-container\"  id=\"modal-1\" \n\t\t\t\tdata-wp-class--has-modal-open=\"state.isMenuOpen\"\n\t\t\t\tdata-wp-class--is-menu-open=\"state.isMenuOpen\"\n\t\t\t\tdata-wp-watch=\"callbacks.initMenu\"\n\t\t\t\tdata-wp-on--keydown=\"actions.handleMenuKeydown\"\n\t\t\t\tdata-wp-on--focusout=\"actions.handleMenuFocusout\"\n\t\t\t\ttabindex=\"-1\"\n\t\t\t>\n\t\t\t\t\t<div class=\"wp-block-navigation__responsive-close\" tabindex=\"-1\">\n\t\t\t\t\t\t<div class=\"wp-block-navigation__responsive-dialog\" \n\t\t\t\tdata-wp-bind--aria-modal=\"state.ariaModal\"\n\t\t\t\tdata-wp-bind--aria-label=\"state.ariaLabel\"\n\t\t\t\tdata-wp-bind--role=\"state.roleAttribute\"\n\t\t\t>\n\t\t\t\t\t\t\t<button aria-label=\"Men\u00fc schlie\u00dfen\" class=\"wp-block-navigation__responsive-container-close\" \n\t\t\t\tdata-wp-on--click=\"actions.closeMenuOnClick\"\n\t\t\t><svg xmlns=\"http:\/\/www.w3.org\/2000\/svg\" viewbox=\"0 0 24 24\" width=\"24\" height=\"24\" aria-hidden=\"true\" focusable=\"false\"><path d=\"m13.06 12 6.47-6.47-1.06-1.06L12 10.94 5.53 4.47 4.47 5.53 10.94 12l-6.47 6.47 1.06 1.06L12 13.06l6.47 6.47 1.06-1.06L13.06 12Z\"><\/path><\/svg><\/button>\n\t\t\t\t\t\t\t<div class=\"wp-block-navigation__responsive-container-content\" \n\t\t\t\tdata-wp-watch=\"callbacks.focusFirstElement\"\n\t\t\t id=\"modal-1-content\">\n\t\t\t\t\t\t\t\t<ul class=\"wp-block-navigation__container has-text-color has-accent-color is-responsive post_category_menu wp-block-navigation\"><li class=\"wp-block-navigation-item wp-block-navigation-link\"><a class=\"wp-block-navigation-item__content\"  href=\"https:\/\/narring.com\/de\/articles\/\"><span class=\"wp-block-navigation-item__label\">All Articles<\/span><\/a><\/li><li class=\"wp-block-navigation-item wp-block-navigation-link\"><a class=\"wp-block-navigation-item__content\"  href=\"https:\/\/narring.com\/de\/category\/story\/\"><span class=\"wp-block-navigation-item__label\">Story<\/span><\/a><\/li><li class=\"wp-block-navigation-item wp-block-navigation-link\"><a class=\"wp-block-navigation-item__content\"  href=\"https:\/\/narring.com\/de\/category\/history\/\"><span class=\"wp-block-navigation-item__label\">History<\/span><\/a><\/li><li class=\"wp-block-navigation-item wp-block-navigation-link\"><a class=\"wp-block-navigation-item__content\"  href=\"https:\/\/narring.com\/de\/category\/daily\/\"><span class=\"wp-block-navigation-item__label\">Daily<\/span><\/a><\/li><li class=\"wp-block-navigation-item wp-block-navigation-link\"><a class=\"wp-block-navigation-item__content\"  href=\"https:\/\/narring.com\/de\/category\/gossip\/\"><span class=\"wp-block-navigation-item__label\">Gossip<\/span><\/a><\/li><li class=\"wp-block-navigation-item wp-block-navigation-link\"><a class=\"wp-block-navigation-item__content\"  href=\"https:\/\/narring.com\/de\/category\/costume\/\"><span class=\"wp-block-navigation-item__label\">Kitchen Sink Drama<\/span><\/a><\/li><li class=\"wp-block-navigation-item wp-block-navigation-link\"><a class=\"wp-block-navigation-item__content\"  href=\"https:\/\/narring.com\/de\/category\/uncategorized\/\"><span class=\"wp-block-navigation-item__label\">Uncategorized<\/span><\/a><\/li><\/ul>\n\t\t\t\t\t\t\t<\/div>\n\t\t\t\t\t\t<\/div>\n\t\t\t\t\t<\/div>\n\t\t\t\t<\/div><\/nav><\/div>\n\n\n\n<h3 class=\"gb-text gb-text-e3ac41ed\">All Articles<\/h3>\n<\/div>\n\n\n\n<div><div class=\"gb-looper-43d34815\">\n<div class=\"gb-loop-item gb-loop-item-b5dd032e post-39 post type-post status-publish format-standard has-post-thumbnail hentry category-history category-uncategorized\">\n<a class=\"gb-element-148723f1\" href=\"https:\/\/narring.com\/de\/our-daily-bread\/\">\n<div class=\"img_border_radius gb-element-bb1317ab halftone\" style=\"--inline-bg-image: url(https:\/\/narring.com\/wp-content\/uploads\/2025\/02\/WhatsApp-Image-2025-02-26-at-17.10.12.jpeg)\"><\/div>\n\n\n\n<div class=\"gb-element-07bf5258\">\n<div class=\"gb-element-81bfc1eb\">\n<p class=\"gb-text gb-text-efd05bab\">26. Februar 2025<\/p>\n\n\n\n<p class=\"gb-text gb-text-b639c179\"><span>History<\/span>\/<span>Uncategorized<\/span><\/p>\n<\/div>\n\n\n\n<h2 class=\"gb-text gb-text-c6721c54 title_resume\">Unser t\u00e4glich Brot<\/h2>\n\n\n\n<div class=\"gb-text resume\"><p><strong>Unser t\u00e4glich Brot<\/strong><\/p>\n<p>Ich habe im Januar 2022 angefangen, diese Brotklammern aufzubewahren. Damals wurden sie benutzt, um einige Kabel in der Wohnung in Neuk\u00f6lln zu halten. In dieser Wohnung gab es eine Menge zu halten und zu sammeln. Unsere Freundin Marlene hat sie uns \u00fcberlassen, damit wir Zeit haben, uns eine Wohnung zu suchen, in der wir f\u00fcr immer bleiben k\u00f6nnen. Es war eine halbfertige Wohnung, mit alten M\u00f6beln und Dekoration aus einem Fotostudio. Und einige Dinge waren etwas prek\u00e4r und bedurften der Aufmerksamkeit. W\u00e4hrend wir darin lebten, reparierte ich, was ich konnte, aus Dankbarkeit gegen\u00fcber Marlene und als Zeichen des guten Willens f\u00fcr die neue Zeit, die wir begannen. Bevor ich abreiste, ersetzte ich die Klammern durch Flansche, halb um alles anst\u00e4ndiger zu machen, halb um die Klammern zu behalten.<\/p>\n<p>Ich wei\u00df nicht genau, was mich dazu veranlasste, sie zu behalten, als wir in den zweiten Stock zogen &#8211; es gab einen dritten. Dort war alles in perfektem Zustand. Meine Frau lachte mich aus, als sie sich an meine Austern-Exzentrizit\u00e4ten erinnerte. Zuerst bewahrte ich sie in einer Kaugummidose auf, aber im n\u00e4chsten Stockwerk kauften wir immer wieder Brot, und ich bewahrte die B\u00fcroklammern auf. Wozu das gut sein soll? Ich wei\u00df es nicht. Das frage ich mich heute noch, aber da sind sie, drei Jahre alt. Ich bin sicher, es gibt eine Antwort.<\/p>\n<p>Ich fange an, die Gesch\u00e4fte zu vergessen, in denen wir einkauften, die Nachbarschaftsl\u00e4den und Superm\u00e4rkte. In Graz habe ich sie bis zum letzten J\u00e4nner aufbewahrt. Drei Jahre sind genug, irgendwann muss man aufh\u00f6ren, um der Aktion, dem Objekt einen Sinn zu geben. Drei Jahre voller Orte, Reisen, Menschen, Treffen, Mahlzeiten und Feste. Die ganze Zeit \u00fcber haben wir unser Brot mit Freunden und Familie geteilt. Als ich klein war, habe ich \u00e4hnliche Dinge getan. Ich behielt alle Arten von Schrott, manchmal angezogen von der Form, manchmal von der Farbe oder der Seltenheit, aber das ist eine zu einfache Verbindung.<\/p>\n<\/div>\n\n\n\n<p class=\"gb-text gb-text-23914a84\">Continue<\/p>\n<\/div>\n<\/a>\n<\/div>\n\n<div class=\"gb-loop-item gb-loop-item-b5dd032e post-80 post type-post status-publish format-standard has-post-thumbnail hentry\">\n<a class=\"gb-element-148723f1\" href=\"https:\/\/narring.com\/de\/posuere-ligula-congue\/\">\n<div class=\"img_border_radius gb-element-bb1317ab halftone\" style=\"--inline-bg-image: url(https:\/\/narring.com\/wp-content\/uploads\/2025\/02\/WhatsApp-Image-2025-02-26-at-16.58.12.jpeg)\"><\/div>\n\n\n\n<div class=\"gb-element-07bf5258\">\n<div class=\"gb-element-81bfc1eb\">\n<p class=\"gb-text gb-text-efd05bab\">7. Februar 2025<\/p>\n\n\n<\/div>\n\n\n\n<h2 class=\"gb-text gb-text-c6721c54 title_resume\">Kunstgeschichte, die Kunst der Geschichte<\/h2>\n\n\n\n<div class=\"gb-text resume\"><p>Das erste Tagebuch, das ich in Berlin fand, geh\u00f6rte Gudrun L., einem kleinen M\u00e4dchen (oder einer jungen Frau) aus Sch\u00f6neberg, das fast jeden Tag schrieb. Es beginnt im Jahr 1939 und endet im Jahr 1944. Es fiel mir schwer, den Inhalt zu verstehen, da es in einem stark geometrischen S\u00fctterlin geschrieben ist (S\u00fctterlin ist eine Schrift, die nach dem Krieg nicht mehr gebr\u00e4uchlich war). Gudrun beschreibt ihr Leben mit Anmerkungen, die den Tag zu markieren und genau einzuordnen scheinen, wie jemand, der eine Spur hinterl\u00e4sst, um sich nicht zu verlieren. Zwischendurch, von Zeit zu Zeit, erz\u00e4hlt sie uns banale Details (das Essen, die Menge der verbrannten Kohle, die Hausaufgaben, die ihr aufgetragen wurden), die erst am Ende des Tagebuchs \u2013durch ihre Anh\u00e4ufung und das Lesen zwischen den Zeilen\u2013 Bedeutung erhalten.<\/p>\n<p>Sie will es nicht in Worte fassen, sie macht es nie explizit, vielleicht weil es zu viel w\u00e4re, es sich einzugestehen, aber sie hat Angst. Je weiter der Krieg voranschreitet, desto schwerer f\u00e4llt es der Propaganda, die Angst der Erwachsenen, die Ger\u00fcchte oder die Intuition eines Kindes, das kein Kind mehr ist, zu verbergen. Ich wei\u00df nicht, ob Gudrun noch weitere Tageb\u00fccher gef\u00fchrt hat. Es ist m\u00f6glich, dass dies das Einzige ist, was von ihr geblieben ist. (Gudrun, ich habe dein Tagebuch, ich werde es behalten, solange ich kann).<\/p>\n<p>Die einzige Information, die ich \u00fcber sie gefunden habe, ist, dass sie in Ost-Berlin an einigen Laientheaterauff\u00fchrungen teilnahm und sp\u00e4ter als Lehrerin arbeitete. Gudruns Tagebuch lag in einer Kiste voller alter B\u00fccher, als h\u00e4tte jemand eine Schulbibliothek aufgel\u00f6st. Sie geh\u00f6rten zu den B\u00e4nden, die nicht mehr zum Verkauf angeboten werden sollten, zu den B\u00fcchern, die Schrotth\u00e4ndler vergeblich an Antiquit\u00e4tenh\u00e4ndler zu verkaufen versuchten, und die nun nach Gewicht zum Recycling verkauft werden sollten.<\/p>\n<p>Eine gute Freundin von mir beschreibt das \u00dcberleben von Materialien und Werken in dieser Gr\u00f6\u00dfenordnung: Entr\u00fcmpelungsfirmen, Antiquariate und Museen. Mir gef\u00e4llt, wie sie den Kreislauf schlie\u00dft, indem sie sagt, dass auch Museumssammlungen am Ende verkauft werden, dass es zu viele Museen gibt, dass wir zu viele Dinge aufbewahren und dass die Instandhaltung dieser Sammlungen unbezahlbar ist. Sie glaubt, dass viele St\u00fccke eines Tages zu Antiquit\u00e4tenh\u00e4ndlern zur\u00fcckkehren werden, um dann &#8211; aufgrund des schieren \u00dcberflusses &#8211; bei Lumpensammlern zu landen, und von dort ist es nur noch ein kleiner Schritt bis zur Recycling-Tonne. Das ist die wahre Geschichte der Kunst, sagt sie.<\/p>\n<\/div>\n\n\n\n<p class=\"gb-text gb-text-23914a84\">Continue<\/p>\n<\/div>\n<\/a>\n<\/div>\n\n<div class=\"gb-loop-item gb-loop-item-b5dd032e post-87 post type-post status-publish format-standard has-post-thumbnail hentry category-daily category-costume\">\n<a class=\"gb-element-148723f1\" href=\"https:\/\/narring.com\/de\/dictum-curae-nisi-ornare-nostra-quisque-ex-porta-interdum-gravida\/\">\n<div class=\"img_border_radius gb-element-bb1317ab halftone\" style=\"--inline-bg-image: url(https:\/\/narring.com\/wp-content\/uploads\/2025\/02\/WhatsApp-Image-2025-02-26-at-16.58.12-1.jpeg)\"><\/div>\n\n\n\n<div class=\"gb-element-07bf5258\">\n<div class=\"gb-element-81bfc1eb\">\n<p class=\"gb-text gb-text-efd05bab\">28. Januar 2025<\/p>\n\n\n\n<p class=\"gb-text gb-text-b639c179\"><span>Daily<\/span>\/<span>Kitchen Sink Drama<\/span><\/p>\n<\/div>\n\n\n\n\n\n\n\n<p class=\"gb-text gb-text-23914a84\">Continue<\/p>\n<\/div>\n<\/a>\n<\/div>\n\n<div class=\"gb-loop-item gb-loop-item-b5dd032e post-67 post type-post status-publish format-standard has-post-thumbnail hentry category-gossip\">\n<a class=\"gb-element-148723f1\" href=\"https:\/\/narring.com\/de\/mattis-accumsan-finibus-nisl-conubia\/\">\n<div class=\"img_border_radius gb-element-bb1317ab halftone\" style=\"--inline-bg-image: url(https:\/\/narring.com\/wp-content\/uploads\/2025\/02\/annie-spratt-85uZn31ZyNc-unsplash.jpg)\"><\/div>\n\n\n\n<div class=\"gb-element-07bf5258\">\n<div class=\"gb-element-81bfc1eb\">\n<p class=\"gb-text gb-text-efd05bab\">13. Januar 2025<\/p>\n\n\n\n<p class=\"gb-text gb-text-b639c179\"><span>Gossip<\/span><\/p>\n<\/div>\n\n\n\n\n\n\n\n<p class=\"gb-text gb-text-23914a84\">Continue<\/p>\n<\/div>\n<\/a>\n<\/div>\n<\/div>\n\n\n<div class=\"gb-element-685b0b87 gb-query-loop-pagination\">\n\n\n\n<\/div>\n\n\n<\/div>\n<\/div>","protected":false},"excerpt":{"rendered":"<p>All Articles<\/p>","protected":false},"author":1,"featured_media":0,"parent":0,"menu_order":0,"comment_status":"closed","ping_status":"closed","template":"","meta":{"_acf_changed":false,"footnotes":""},"class_list":["post-157","page","type-page","status-publish"],"acf":[],"_links":{"self":[{"href":"https:\/\/narring.com\/de\/wp-json\/wp\/v2\/pages\/157","targetHints":{"allow":["GET"]}}],"collection":[{"href":"https:\/\/narring.com\/de\/wp-json\/wp\/v2\/pages"}],"about":[{"href":"https:\/\/narring.com\/de\/wp-json\/wp\/v2\/types\/page"}],"author":[{"embeddable":true,"href":"https:\/\/narring.com\/de\/wp-json\/wp\/v2\/users\/1"}],"replies":[{"embeddable":true,"href":"https:\/\/narring.com\/de\/wp-json\/wp\/v2\/comments?post=157"}],"version-history":[{"count":34,"href":"https:\/\/narring.com\/de\/wp-json\/wp\/v2\/pages\/157\/revisions"}],"predecessor-version":[{"id":574,"href":"https:\/\/narring.com\/de\/wp-json\/wp\/v2\/pages\/157\/revisions\/574"}],"wp:attachment":[{"href":"https:\/\/narring.com\/de\/wp-json\/wp\/v2\/media?parent=157"}],"curies":[{"name":"wp","href":"https:\/\/api.w.org\/{rel}","templated":true}]}}