{"id":54,"date":"2025-02-26T15:19:36","date_gmt":"2025-02-26T15:19:36","guid":{"rendered":"https:\/\/narring.tandem.ws\/?page_id=54"},"modified":"2025-03-03T13:04:27","modified_gmt":"2025-03-03T13:04:27","slug":"home","status":"publish","type":"page","link":"https:\/\/narring.com\/ca\/","title":{"rendered":"Home"},"content":{"rendered":"<div class=\"gb-element-59e8442a\">\n<div class=\"gb-element-79cbebdf\"><\/div>\n\n\n\n<div class=\"gb-element-cc9de165\">\n<h4 class=\"gb-text gb-text-ac1ba9f2\">Most recent<\/h4>\n<\/div>\n\n\n\n<div><div class=\"gb-looper-60b10d34\">\n<div class=\"gb-loop-item gb-loop-item-6e422bde post_card post-39 post type-post status-publish format-standard has-post-thumbnail hentry category-history category-uncategorized\">\n<a class=\"gb-element-4a591315\" href=\"https:\/\/narring.com\/ca\/our-daily-bread\/\">\n<div class=\"img_border_radius gb-element-3995a1a5 halftone\" style=\"--inline-bg-image: url(https:\/\/narring.com\/wp-content\/uploads\/2025\/02\/WhatsApp-Image-2025-02-26-at-17.10.12.jpeg)\"><\/div>\n\n\n\n<div class=\"gb-element-03263066\">\n<div class=\"gb-element-f599ef37\">\n<p class=\"gb-text gb-text-0b877769\">26 de febrer de 2025<\/p>\n\n\n\n<p class=\"gb-text gb-text-24da7448\"><span>History<\/span>\/<span>Uncategorized<\/span><\/p>\n<\/div>\n\n\n\n<h2 class=\"gb-text gb-text-3482f39d title_resume\">El pa el nostre de cada dia<\/h2>\n\n\n\n<div class=\"gb-text featured_resume\"><p>Vaig comen\u00e7ar a guardar aquests\u00a0 clips al gener de 2022. En aquell moment em van servir per a subjectar alguns cables en el pis de Neuk\u00f6lln. En aquell pis hi havia molt per a subjectar i recollir. La nostra amiga Marlene ens ho va deixar perqu\u00e8 tingu\u00e9ssim temps de buscar un pis en el qual quedar-nos definitivament. Era un pis a mig fer, amb mobles antics i decoraci\u00f3 d&#8217;estudi fotogr\u00e0fic. I algunes coses una miqueta prec\u00e0ries, necessitades d&#8217;atenci\u00f3. Mentre vivim en ell, vaig reparar el que vaig poder en agra\u00efment a Marlene i com a mostra de bona voluntat amb el nou temps que comen\u00e7\u00e0vem. De fet, abans d&#8217;anar-me vaig substituir els clips amb brides, mitj\u00e0 per a deixar-ho tot m\u00e9s decent, mitj\u00e0 per a quedar-me amb els clips.<\/p>\n<p>No s\u00e9 exactament qu\u00e8 em va impulsar a continuar guardant-los quan ens mudem al segon pis \u2014va haver-hi un tercer. All\u00ed tot estava en perfectes condicions. La meva esposa reia de mi mentre recordava ostres excentricitats meves. Primer els vaig guardar en un pot de xiclets per\u00f2 ja en el pis seg\u00fcent, continu\u00e0vem comprant pa i jo continuava guardant els clips. Per a qu\u00e8? No ho s\u00e9. Encara avui m&#8217;ho pregunto, per\u00f2 aqu\u00ed estan, tres anys. Segur que hi ha una resposta.<\/p>\n<p>Comen\u00e7o a oblidar els comer\u00e7os en els quals compr\u00e0vem, les botigues de barri i els supermercats. En Graz vaig continuar guardant-los fins el mes de gener passat. Tres anys \u00e9s suficient, en algun moment cal parar per a donar-li sentit a l&#8217;acci\u00f3, a l&#8217;objecte. S\u00f3n tres anys de llocs, viatges, persones, reunions, menjars i festes. Hem compartit el pa tot aquest temps amb amics i familiars. Quan era petit feia coses semblants. Guardava tot tipus de *cachivaches, atret per la forma unes vegades, unes altres pel color o per la raresa, per\u00f2 \u00e9s una connexi\u00f3 massa f\u00e0cil.<\/p>\n<\/div>\n\n\n\n<p class=\"gb-text gb-text-3a670874\">Continue<\/p>\n<\/div>\n<\/a>\n<\/div>\n<\/div><\/div>\n<\/div>\n\n\n\n<div class=\"gb-element-d18d1286\">\n<div><div class=\"gb-looper-bc94844a\">\n<div class=\"gb-loop-item gb-loop-item-8bf378c1 post-80 post type-post status-publish format-standard has-post-thumbnail hentry\">\n<a class=\"gb-element-5fe33f80\" href=\"https:\/\/narring.com\/ca\/posuere-ligula-congue\/\">\n<div class=\"img_border_radius gb-element-f50b776b halftone\" style=\"--inline-bg-image: url(https:\/\/narring.com\/wp-content\/uploads\/2025\/02\/WhatsApp-Image-2025-02-26-at-16.58.12.jpeg)\"><\/div>\n\n\n\n<div class=\"gb-element-df90335e\">\n<div class=\"gb-element-8f5bac98\">\n<p class=\"gb-text gb-text-1a384e77\">7 de febrer de 2025<\/p>\n\n\n<\/div>\n\n\n\n<h2 class=\"gb-text gb-text-da9fee99 title_resume\">Hist\u00f2ria de l\u2019art, l\u2019art de la hist\u00f2ria<\/h2>\n\n\n\n<div class=\"gb-text featured_resume\"><p>El primer diari que vaig trobar a Berl\u00edn va pert\u00e0nyer a Gudrun L. una nena (o una noia) de Sch\u00f6neberg que escrivia gaireb\u00e9 cada dia. Comen\u00e7a en 1939 i acaba en 1944. Em costava molt entendre qu\u00e8 hi deia perqu\u00e8 estava escrit en una S\u00fctterlin molt geom\u00e8trica (la S\u00fctterlin \u00e9s una cal\u00b7ligrafia que es va deixar d&#8217;utilitzar despr\u00e9s de la guerra). Gudrun descriu la seva vida amb anotacions que semblaven destinades a marcar el dia, a situar-lo amb precisi\u00f3, com qui deixa un senyal per a no perdre&#8217;l. Entremig, de tant en tant, ens explica fets anodins (el menjar, la quantitat de carb\u00f3 que han cremat, els deures que li han manat fer), que nom\u00e9s al final del diari \u2014per acumulaci\u00f3 i llegint entre l\u00ednies\u2014, adquireixen sentit.<\/p>\n<p>No ho vol escriure, no ho fa mai expl\u00edcit, potser perqu\u00e8 recon\u00e8ixer-ho llegir-s\u2019ho d\u2019un mateix seria massa gros, per\u00f2 t\u00e9 por. La guerra avan\u00e7a i la propaganda, de vegades, no pot amagar els nervis dels grans, els rumors o la intu\u00efci\u00f3 d\u2019una nena que ja no ho \u00e9s tant. Desconec si Gudrun va deixar altres diaris. Podria ben ser que fos l&#8217;\u00fanica cosa que es conserva d&#8217;ella. (Gudrun, tinc el teu diari. El guardar\u00e9 mentre pugui ).<\/p>\n<p>L&#8217;\u00fanic que he trobat sobre ella \u00e9s que va participar en algunes obres de teatre amateur a Berl\u00edn Oriental i que despr\u00e9s va treballar de mestra. El diari de Gudrun estava en una caixa plena de llibres vells, semblava que alg\u00fa havia buidat una biblioteca escolar. Eren entre els exemplars que ja no es posarien a la venda, els que els ferrovellers no han aconseguit vendre als antiquaris, a punt de ser venuts a pes per al reciclatge.<\/p>\n<p>Una bona amiga descriu la superviv\u00e8ncia de materials i obres a partir d&#8217;aquesta escala: empreses de buidatges de pisos, botigues d&#8217;antiquaris i museus. M&#8217;agrada quan, a m\u00e9s, tanca el cercle i diu que els fons dels museus tamb\u00e9 s&#8217;acabaran venent, que hi ha massa museus, que guardem massa coses i que el bon manteniment de totes aquestes col\u00b7leccions \u00e9s inassumible. Diu que arribar\u00e0 el dia que moltes peces que tornaran a mans d\u2019antiquaris, que l\u2019exc\u00e9s far\u00e0 que arribin als drapaires i que d\u2019aqu\u00ed al contenidor del reciclatge nom\u00e9s hi ha una passa. \u00c9s la veritable hist\u00f2ria de l&#8217;art, diu.<\/p>\n<\/div>\n\n\n\n<p class=\"gb-text gb-text-9ea58a37\">Continue<\/p>\n<\/div>\n<\/a>\n<\/div>\n\n<div class=\"gb-loop-item gb-loop-item-8bf378c1 post-87 post type-post status-publish format-standard has-post-thumbnail hentry category-daily category-costume\">\n<a class=\"gb-element-5fe33f80\" href=\"https:\/\/narring.com\/ca\/dictum-curae-nisi-ornare-nostra-quisque-ex-porta-interdum-gravida\/\">\n<div class=\"img_border_radius gb-element-f50b776b halftone\" style=\"--inline-bg-image: url(https:\/\/narring.com\/wp-content\/uploads\/2025\/02\/WhatsApp-Image-2025-02-26-at-16.58.12-1.jpeg)\"><\/div>\n\n\n\n<div class=\"gb-element-df90335e\">\n<div class=\"gb-element-8f5bac98\">\n<p class=\"gb-text gb-text-1a384e77\">28 de gener de 2025<\/p>\n\n\n\n<p class=\"gb-text gb-text-690ca75f\"><span>Daily<\/span>\/<span>Kitchen Sink Drama<\/span><\/p>\n<\/div>\n\n\n\n\n\n\n\n<p class=\"gb-text gb-text-9ea58a37\">Continue<\/p>\n<\/div>\n<\/a>\n<\/div>\n<\/div><\/div>\n<\/div>","protected":false},"excerpt":{"rendered":"<p>Most recent<\/p>","protected":false},"author":1,"featured_media":0,"parent":0,"menu_order":0,"comment_status":"closed","ping_status":"closed","template":"","meta":{"_acf_changed":false,"footnotes":""},"class_list":["post-54","page","type-page","status-publish"],"acf":[],"_links":{"self":[{"href":"https:\/\/narring.com\/ca\/wp-json\/wp\/v2\/pages\/54","targetHints":{"allow":["GET"]}}],"collection":[{"href":"https:\/\/narring.com\/ca\/wp-json\/wp\/v2\/pages"}],"about":[{"href":"https:\/\/narring.com\/ca\/wp-json\/wp\/v2\/types\/page"}],"author":[{"embeddable":true,"href":"https:\/\/narring.com\/ca\/wp-json\/wp\/v2\/users\/1"}],"replies":[{"embeddable":true,"href":"https:\/\/narring.com\/ca\/wp-json\/wp\/v2\/comments?post=54"}],"version-history":[{"count":100,"href":"https:\/\/narring.com\/ca\/wp-json\/wp\/v2\/pages\/54\/revisions"}],"predecessor-version":[{"id":581,"href":"https:\/\/narring.com\/ca\/wp-json\/wp\/v2\/pages\/54\/revisions\/581"}],"wp:attachment":[{"href":"https:\/\/narring.com\/ca\/wp-json\/wp\/v2\/media?parent=54"}],"curies":[{"name":"wp","href":"https:\/\/api.w.org\/{rel}","templated":true}]}}