{"id":515,"date":"2025-02-28T12:21:54","date_gmt":"2025-02-28T12:21:54","guid":{"rendered":"https:\/\/narring.tandem.ws\/?page_id=515"},"modified":"2025-03-03T12:22:27","modified_gmt":"2025-03-03T12:22:27","slug":"about-the-blog","status":"publish","type":"page","link":"https:\/\/narring.com\/ca\/about-the-blog\/","title":{"rendered":"Sobre el blog"},"content":{"rendered":"<div class=\"gb-element-34253271\">\n<div class=\"gb-element-0294415e sticky-container\"><\/div>\n\n\n\n<div class=\"gb-element-d57cc95c\">\n<h2 class=\"gb-text\">Sobre el blog<\/h2>\n\n\n\n<p class=\"gb-text\">El primer diari que vaig trobar a Berl\u00edn va pert\u00e0nyer a Gudrun L. una noia que escrivia unes poques l\u00ednies cada dia. Comen\u00e7a en 1939 i acaba en 1944. Em costava molt llegir-lo perqu\u00e8 estava escrit en una cal\u00b7ligrafia que es va deixar d&#8217;utilitzar despr\u00e9s de la guerra. Descrivia la seva vida amb anotacions que semblaven destinades a fixar el dia, a marcar-lo amb precisi\u00f3, com qui deixa un senyal per a no perdre&#8217;l. De tant en tant descriu fets anodins (el menjar, la quantitat de carb\u00f3 que han cremat, els deures que li han manat fer), que nom\u00e9s al final del diari adquireixen sentit, per acumulaci\u00f3 i llegint entre l\u00ednies. No ho vol escriure, potser perqu\u00e8 recon\u00e8ixer-ho seria massa gros, per\u00f2 t\u00e9 por.\r\n\r\nL&#8217;\u00fanica cosa que he trobat sobre ella \u00e9s que va participar en algunes obres de teatre amateur a Berl\u00edn Oriental i que despr\u00e9s va treballar de mestra. El diari de Gudrun estava en una caixa plena de llibres vells, semblava que alg\u00fa havia buidat una biblioteca escolar. Eren entre els exemplars que ja no es posarien a la venda, els que els ferrovellers no han aconseguit vendre als antiquaris, a punt de ser venuts a pes, per a reciclar. Una bona amiga descriu la superviv\u00e8ncia de materials i obres a partir d&#8217;aquesta escala: empreses de buidatges de pisos, botigues d&#8217;antiquaris i museus. M&#8217;agrada quan, a m\u00e9s, tanca el cercle i diu que els fons dels museus tamb\u00e9 s&#8217;acabaran venent, que guardem massa coses y que un bon manteniment de tot plegat \u00e9s inassumible. Diu que arribar\u00e0 el dia que moltes peces que tornaran a mans d\u2019antiquaris, que per exc\u00e9s arribaran als drapaires i que d\u2019aqu\u00ed al contenidor del reciclatge nom\u00e9s hi ha una passa. \u00c9s la veritable hist\u00f2ria de l&#8217;art, diu.\r\n\r\nDesconec si Gudrun L. va deixar altres diaris. Podr\u00eda ben ser que fos l&#8217;\u00fanica cosa que es conserva d&#8217;ella\r\n<\/p>\n<\/div>\n\n\n\n<div class=\"gb-element-d634cc20\"><\/div>\n<\/div>","protected":false},"excerpt":{"rendered":"<p>Sobre el blog El primer diari que vaig trobar a Berl\u00edn va pert\u00e0nyer a Gudrun L. una noia que escrivia unes poques l\u00ednies cada dia. Comen\u00e7a en 1939 i acaba en 1944. Em costava molt llegir-lo perqu\u00e8 estava escrit en una cal\u00b7ligrafia que es va deixar d&#8217;utilitzar despr\u00e9s de la guerra. Descrivia la seva vida &#8230; <a title=\"Sobre el blog\" class=\"read-more\" href=\"https:\/\/narring.com\/ca\/about-the-blog\/\" aria-label=\"M\u00e9s informaci\u00f3 sobre About the blog\">Read more<\/a><\/p>","protected":false},"author":1,"featured_media":0,"parent":0,"menu_order":0,"comment_status":"closed","ping_status":"closed","template":"","meta":{"_acf_changed":false,"footnotes":""},"class_list":["post-515","page","type-page","status-publish"],"acf":[],"_links":{"self":[{"href":"https:\/\/narring.com\/ca\/wp-json\/wp\/v2\/pages\/515","targetHints":{"allow":["GET"]}}],"collection":[{"href":"https:\/\/narring.com\/ca\/wp-json\/wp\/v2\/pages"}],"about":[{"href":"https:\/\/narring.com\/ca\/wp-json\/wp\/v2\/types\/page"}],"author":[{"embeddable":true,"href":"https:\/\/narring.com\/ca\/wp-json\/wp\/v2\/users\/1"}],"replies":[{"embeddable":true,"href":"https:\/\/narring.com\/ca\/wp-json\/wp\/v2\/comments?post=515"}],"version-history":[{"count":3,"href":"https:\/\/narring.com\/ca\/wp-json\/wp\/v2\/pages\/515\/revisions"}],"predecessor-version":[{"id":555,"href":"https:\/\/narring.com\/ca\/wp-json\/wp\/v2\/pages\/515\/revisions\/555"}],"wp:attachment":[{"href":"https:\/\/narring.com\/ca\/wp-json\/wp\/v2\/media?parent=515"}],"curies":[{"name":"wp","href":"https:\/\/api.w.org\/{rel}","templated":true}]}}